{"id":106,"date":"2025-09-23T15:12:55","date_gmt":"2025-09-23T15:12:55","guid":{"rendered":"http:\/\/localhost\/fundacen\/public_html\/?page_id=106"},"modified":"2025-11-10T15:34:42","modified_gmt":"2025-11-10T18:34:42","slug":"becas-entregadas-y-proyectos-financiados","status":"publish","type":"page","link":"https:\/\/fundacen.org.ar\/en\/becas-entregadas-y-proyectos-financiados\/","title":{"rendered":"Becas Entregadas y Proyectos Financiados"},"content":{"rendered":"<p>We seek to make an impact on the way science is learned, taught, and produced. <\/p>\n\n\n\n<p>Your contribution makes more scholarships, supplies, and equipment for the Faculty possible. Join us!<\/p>","protected":false},"excerpt":{"rendered":"<p>Buscamos generar un impacto en la manera de aprender, ense\u00f1ar y producir ciencia. Tu colaboraci\u00f3n hace posible m\u00e1s becas, insumos y equipamiento para la Facultad. \u00a1Sumate!<\/p>","protected":false},"author":5,"featured_media":0,"parent":0,"menu_order":0,"comment_status":"closed","ping_status":"closed","template":"","meta":{"_acf_changed":false,"footnotes":""},"class_list":["post-106","page","type-page","status-publish","hentry"],"acf":[],"_links":{"self":[{"href":"https:\/\/fundacen.org.ar\/en\/wp-json\/wp\/v2\/pages\/106","targetHints":{"allow":["GET"]}}],"collection":[{"href":"https:\/\/fundacen.org.ar\/en\/wp-json\/wp\/v2\/pages"}],"about":[{"href":"https:\/\/fundacen.org.ar\/en\/wp-json\/wp\/v2\/types\/page"}],"author":[{"embeddable":true,"href":"https:\/\/fundacen.org.ar\/en\/wp-json\/wp\/v2\/users\/5"}],"replies":[{"embeddable":true,"href":"https:\/\/fundacen.org.ar\/en\/wp-json\/wp\/v2\/comments?post=106"}],"version-history":[{"count":3,"href":"https:\/\/fundacen.org.ar\/en\/wp-json\/wp\/v2\/pages\/106\/revisions"}],"predecessor-version":[{"id":3169,"href":"https:\/\/fundacen.org.ar\/en\/wp-json\/wp\/v2\/pages\/106\/revisions\/3169"}],"wp:attachment":[{"href":"https:\/\/fundacen.org.ar\/en\/wp-json\/wp\/v2\/media?parent=106"}],"curies":[{"name":"wp","href":"https:\/\/api.w.org\/{rel}","templated":true}]}}