{"id":6,"date":"2025-09-10T21:15:06","date_gmt":"2025-09-10T21:15:06","guid":{"rendered":"http:\/\/localhost\/fundacen\/public_html\/?page_id=6"},"modified":"2025-12-22T10:32:55","modified_gmt":"2025-12-22T13:32:55","slug":"dona","status":"publish","type":"page","link":"https:\/\/fundacen.org.ar\/en\/dona\/","title":{"rendered":"Don\u00e1"},"content":{"rendered":"<p>Pod\u00e9s hacerlo por \u00fanica vez o mensualmente<\/p>","protected":false},"excerpt":{"rendered":"<p>Pod\u00e9s hacerlo por \u00fanica vez o mensualmente<\/p>","protected":false},"author":5,"featured_media":2936,"parent":0,"menu_order":0,"comment_status":"closed","ping_status":"closed","template":"","meta":{"_acf_changed":false,"footnotes":""},"class_list":["post-6","page","type-page","status-publish","has-post-thumbnail","hentry"],"acf":[],"_links":{"self":[{"href":"https:\/\/fundacen.org.ar\/en\/wp-json\/wp\/v2\/pages\/6","targetHints":{"allow":["GET"]}}],"collection":[{"href":"https:\/\/fundacen.org.ar\/en\/wp-json\/wp\/v2\/pages"}],"about":[{"href":"https:\/\/fundacen.org.ar\/en\/wp-json\/wp\/v2\/types\/page"}],"author":[{"embeddable":true,"href":"https:\/\/fundacen.org.ar\/en\/wp-json\/wp\/v2\/users\/5"}],"replies":[{"embeddable":true,"href":"https:\/\/fundacen.org.ar\/en\/wp-json\/wp\/v2\/comments?post=6"}],"version-history":[{"count":1,"href":"https:\/\/fundacen.org.ar\/en\/wp-json\/wp\/v2\/pages\/6\/revisions"}],"predecessor-version":[{"id":2979,"href":"https:\/\/fundacen.org.ar\/en\/wp-json\/wp\/v2\/pages\/6\/revisions\/2979"}],"wp:featuredmedia":[{"embeddable":true,"href":"https:\/\/fundacen.org.ar\/en\/wp-json\/wp\/v2\/media\/2936"}],"wp:attachment":[{"href":"https:\/\/fundacen.org.ar\/en\/wp-json\/wp\/v2\/media?parent=6"}],"curies":[{"name":"wp","href":"https:\/\/api.w.org\/{rel}","templated":true}]}}