{"id":64,"date":"2025-09-16T19:32:57","date_gmt":"2025-09-16T19:32:57","guid":{"rendered":"http:\/\/localhost\/fundacen\/public_html\/?page_id=64"},"modified":"2026-03-25T12:59:18","modified_gmt":"2026-03-25T15:59:18","slug":"front-page","status":"publish","type":"page","link":"https:\/\/fundacen.org.ar\/en\/","title":{"rendered":"Front Page"},"content":{"rendered":"<p>Desde la Fundaci\u00f3n Ciencias Exactas y Naturales (FUNDACEN) damos apoyo administrativo y de gesti\u00f3n en actividades de la comunidad de Exactas-UBA. Desde 1990, asistimos y apoyamos el <strong>desarrollo y fortalecimiento de FCEN<\/strong> en su conjunto, fomentando la investigaci\u00f3n y el desarrollo cient\u00edfico-tecnol\u00f3gico. Cumplimos con nuestra misi\u00f3n de apoyo a trav\u00e9s de cuatro ejes: la recepci\u00f3n y administraci\u00f3n de donaciones para Exactas, la administraci\u00f3n de proyectos de I+D y transferencia, la gesti\u00f3n de eventos acad\u00e9micos y cient\u00edficos, y el rol como Unidad de Vinculaci\u00f3n Tecnol\u00f3gica de FCEN-UBA y del CONICET.<\/p>","protected":false},"excerpt":{"rendered":"<p>Desde la Fundaci\u00f3n Ciencias Exactas y Naturales (FUNDACEN) damos apoyo administrativo y de gesti\u00f3n en actividades de la comunidad de Exactas-UBA. Desde 1990, asistimos y apoyamos el desarrollo y fortalecimiento de FCEN en su conjunto, fomentando la investigaci\u00f3n y el desarrollo cient\u00edfico-tecnol\u00f3gico. Cumplimos con nuestra misi\u00f3n de apoyo a trav\u00e9s de cuatro ejes: la recepci\u00f3n [&hellip;]<\/p>","protected":false},"author":5,"featured_media":0,"parent":0,"menu_order":0,"comment_status":"closed","ping_status":"closed","template":"","meta":{"_acf_changed":false,"footnotes":""},"class_list":["post-64","page","type-page","status-publish","hentry"],"acf":[],"_links":{"self":[{"href":"https:\/\/fundacen.org.ar\/en\/wp-json\/wp\/v2\/pages\/64","targetHints":{"allow":["GET"]}}],"collection":[{"href":"https:\/\/fundacen.org.ar\/en\/wp-json\/wp\/v2\/pages"}],"about":[{"href":"https:\/\/fundacen.org.ar\/en\/wp-json\/wp\/v2\/types\/page"}],"author":[{"embeddable":true,"href":"https:\/\/fundacen.org.ar\/en\/wp-json\/wp\/v2\/users\/5"}],"replies":[{"embeddable":true,"href":"https:\/\/fundacen.org.ar\/en\/wp-json\/wp\/v2\/comments?post=64"}],"version-history":[{"count":19,"href":"https:\/\/fundacen.org.ar\/en\/wp-json\/wp\/v2\/pages\/64\/revisions"}],"predecessor-version":[{"id":3339,"href":"https:\/\/fundacen.org.ar\/en\/wp-json\/wp\/v2\/pages\/64\/revisions\/3339"}],"wp:attachment":[{"href":"https:\/\/fundacen.org.ar\/en\/wp-json\/wp\/v2\/media?parent=64"}],"curies":[{"name":"wp","href":"https:\/\/api.w.org\/{rel}","templated":true}]}}